{"id":107,"date":"2025-11-21T08:00:06","date_gmt":"2025-11-21T08:00:06","guid":{"rendered":"http:\/\/localhost\/opodis\/?post_type=product&#038;p=107"},"modified":"2026-02-07T00:09:33","modified_gmt":"2026-02-06T17:09:33","slug":"sp2","status":"publish","type":"product","link":"http:\/\/opodispharma.com\/index.php\/product\/sp2\/","title":{"rendered":"Tinh D\u1ea7u Tr\u00e0m Thi\u00ean \u1ea4n"},"content":{"rendered":"","protected":false},"excerpt":{"rendered":"<p>Tinh D\u1ea7u Tr\u00e0m Thi\u00ean \u1ea4n \u2013 s\u1ea3n ph\u1ea9m 100% tinh d\u1ea7u tr\u00e0m thi\u00ean nhi\u00ean c\u1ee7a Opodis Pharma, \u0111\u01b0\u1ee3c \u0111\u1eb7c ch\u1ebf d\u00e0nh cho m\u1eb9 v\u00e0 b\u00e9, gi\u00fap ph\u00f2ng b\u1ec7nh, gi\u1eef \u1ea5m v\u00e0 b\u1ea3o v\u1ec7 s\u1ee9c kh\u1ecfe an to\u00e0n, t\u1ef1 nhi\u00ean.<\/p>\n<p>Quy c\u00e1ch \u0111\u00f3ng g\u00f3i: Chai 30ml<br \/>\nS\u1ed1 CBMP: 02\/22\/CBMP-TN<\/p>\n","protected":false},"featured_media":229,"comment_status":"open","ping_status":"closed","template":"","meta":{"_acf_changed":false},"product_brand":[],"product_cat":[16,24],"product_tag":[],"class_list":{"0":"post-107","1":"product","2":"type-product","3":"status-publish","4":"has-post-thumbnail","6":"product_cat-san-pham","7":"product_cat-tinh-dau","9":"first","10":"instock","11":"shipping-taxable","12":"product-type-simple"},"acf":[],"_links":{"self":[{"href":"http:\/\/opodispharma.com\/index.php\/wp-json\/wp\/v2\/product\/107","targetHints":{"allow":["GET"]}}],"collection":[{"href":"http:\/\/opodispharma.com\/index.php\/wp-json\/wp\/v2\/product"}],"about":[{"href":"http:\/\/opodispharma.com\/index.php\/wp-json\/wp\/v2\/types\/product"}],"replies":[{"embeddable":true,"href":"http:\/\/opodispharma.com\/index.php\/wp-json\/wp\/v2\/comments?post=107"}],"wp:featuredmedia":[{"embeddable":true,"href":"http:\/\/opodispharma.com\/index.php\/wp-json\/wp\/v2\/media\/229"}],"wp:attachment":[{"href":"http:\/\/opodispharma.com\/index.php\/wp-json\/wp\/v2\/media?parent=107"}],"wp:term":[{"taxonomy":"product_brand","embeddable":true,"href":"http:\/\/opodispharma.com\/index.php\/wp-json\/wp\/v2\/product_brand?post=107"},{"taxonomy":"product_cat","embeddable":true,"href":"http:\/\/opodispharma.com\/index.php\/wp-json\/wp\/v2\/product_cat?post=107"},{"taxonomy":"product_tag","embeddable":true,"href":"http:\/\/opodispharma.com\/index.php\/wp-json\/wp\/v2\/product_tag?post=107"}],"curies":[{"name":"wp","href":"https:\/\/api.w.org\/{rel}","templated":true}]}}