{"id":108,"date":"2025-11-21T08:00:26","date_gmt":"2025-11-21T08:00:26","guid":{"rendered":"http:\/\/localhost\/opodis\/?post_type=product&#038;p=108"},"modified":"2026-03-20T10:06:00","modified_gmt":"2026-03-20T03:06:00","slug":"sp3","status":"publish","type":"product","link":"http:\/\/opodispharma.com\/index.php\/product\/sp3\/","title":{"rendered":"D\u1ea7u Tr\u00e0m Emcare"},"content":{"rendered":"","protected":false},"excerpt":{"rendered":"<p>D\u1ea7u tr\u00e0m Emcare \u2013 D\u1ea7u tr\u00e0m cho m\u1eb9 v\u00e0 b\u00e9 c\u1ee7a Opodis Pharma \u0111\u01b0\u1ee3c chi\u1ebft xu\u1ea5t t\u1eeb tinh d\u1ea7u tr\u00e0m thi\u00ean nhi\u00ean nguy\u00ean ch\u1ea5t, gi\u00fap ph\u00f2ng ng\u1eeba c\u1ea3m c\u00fam, c\u1ea3m l\u1ea1nh, gi\u1eef \u1ea5m c\u01a1 th\u1ec3 v\u00e0 kh\u00e1ng khu\u1ea9n hi\u1ec7u qu\u1ea3. H\u01b0\u01a1ng th\u01a1m d\u1ecbu nh\u1eb9, an to\u00e0n cho tr\u1ebb s\u01a1 sinh v\u00e0 ph\u1ee5 n\u1eef mang thai.<\/p>\n<p>\u0110\u00f3ng g\u00f3i: Chai 25ml, Chai 30ml<br \/>\nS\u1ed1 CBMP: 01\/22\/CBMP-TN<\/p>\n","protected":false},"featured_media":866,"comment_status":"open","ping_status":"closed","template":"","meta":{"_acf_changed":false},"product_brand":[],"product_cat":[16,24],"product_tag":[],"class_list":{"0":"post-108","1":"product","2":"type-product","3":"status-publish","4":"has-post-thumbnail","6":"product_cat-san-pham","7":"product_cat-tinh-dau","9":"first","10":"instock","11":"shipping-taxable","12":"product-type-simple"},"acf":[],"_links":{"self":[{"href":"http:\/\/opodispharma.com\/index.php\/wp-json\/wp\/v2\/product\/108","targetHints":{"allow":["GET"]}}],"collection":[{"href":"http:\/\/opodispharma.com\/index.php\/wp-json\/wp\/v2\/product"}],"about":[{"href":"http:\/\/opodispharma.com\/index.php\/wp-json\/wp\/v2\/types\/product"}],"replies":[{"embeddable":true,"href":"http:\/\/opodispharma.com\/index.php\/wp-json\/wp\/v2\/comments?post=108"}],"wp:featuredmedia":[{"embeddable":true,"href":"http:\/\/opodispharma.com\/index.php\/wp-json\/wp\/v2\/media\/866"}],"wp:attachment":[{"href":"http:\/\/opodispharma.com\/index.php\/wp-json\/wp\/v2\/media?parent=108"}],"wp:term":[{"taxonomy":"product_brand","embeddable":true,"href":"http:\/\/opodispharma.com\/index.php\/wp-json\/wp\/v2\/product_brand?post=108"},{"taxonomy":"product_cat","embeddable":true,"href":"http:\/\/opodispharma.com\/index.php\/wp-json\/wp\/v2\/product_cat?post=108"},{"taxonomy":"product_tag","embeddable":true,"href":"http:\/\/opodispharma.com\/index.php\/wp-json\/wp\/v2\/product_tag?post=108"}],"curies":[{"name":"wp","href":"https:\/\/api.w.org\/{rel}","templated":true}]}}