{"id":188,"date":"2025-11-28T01:32:42","date_gmt":"2025-11-28T01:32:42","guid":{"rendered":"http:\/\/localhost\/opodis\/?post_type=product&#038;p=188"},"modified":"2026-02-06T23:35:50","modified_gmt":"2026-02-06T16:35:50","slug":"xit-xua-muoi-baby","status":"publish","type":"product","link":"http:\/\/opodispharma.com\/index.php\/product\/xit-xua-muoi-baby\/","title":{"rendered":"X\u1ecbt Xua Mu\u1ed7i Baby"},"content":{"rendered":"","protected":false},"excerpt":{"rendered":"<p>X\u1ecbt Xua Mu\u1ed7i Baby \u2013 Dung d\u1ecbch xua mu\u1ed7i an to\u00e0n cho m\u1eb9 &amp; b\u00e9 \u0111\u1ebfn t\u1eeb Opodis Pharma, \u0111\u01b0\u1ee3c chi\u1ebft xu\u1ea5t t\u1eeb tinh d\u1ea7u thi\u00ean nhi\u00ean, s\u1eed d\u1ee5ng ho\u1ea1t ch\u1ea5t IR3535 \u2013 m\u1ed9t ch\u1ea5t ch\u1ed1ng mu\u1ed7i th\u00e2n thi\u1ec7n, thay th\u1ebf an to\u00e0n cho DEET, \u0111\u01b0\u1ee3c s\u1eed d\u1ee5ng ph\u1ed5 bi\u1ebfn t\u1ea1i ch\u00e2u \u00c2u h\u01a1n 20 n\u0103m. S\u1ea3n ph\u1ea9m gi\u00fap b\u1ea3o v\u1ec7 l\u00e0n da b\u00e9 kh\u1ecfi mu\u1ed7i \u0111\u1ed1t, s\u1ed1t xu\u1ea5t huy\u1ebft, Zika, s\u1ed1t r\u00e9t&#8230; m\u00e0 kh\u00f4ng g\u00e2y k\u00edch \u1ee9ng hay \u0111\u1ed9c h\u1ea1i.<\/p>\n<p>Quy c\u00e1ch \u0111\u00f3ng g\u00f3i:<br \/>\nS\u1ed1 CBMP: 10\/17\/CBMP-TN<\/p>\n","protected":false},"featured_media":223,"comment_status":"open","ping_status":"closed","template":"","meta":{"_acf_changed":false},"product_brand":[],"product_cat":[16,19],"product_tag":[],"class_list":{"0":"post-188","1":"product","2":"type-product","3":"status-publish","4":"has-post-thumbnail","6":"product_cat-san-pham","7":"product_cat-cham-soc-me-va-be","9":"first","10":"instock","11":"shipping-taxable","12":"product-type-simple"},"acf":[],"_links":{"self":[{"href":"http:\/\/opodispharma.com\/index.php\/wp-json\/wp\/v2\/product\/188","targetHints":{"allow":["GET"]}}],"collection":[{"href":"http:\/\/opodispharma.com\/index.php\/wp-json\/wp\/v2\/product"}],"about":[{"href":"http:\/\/opodispharma.com\/index.php\/wp-json\/wp\/v2\/types\/product"}],"replies":[{"embeddable":true,"href":"http:\/\/opodispharma.com\/index.php\/wp-json\/wp\/v2\/comments?post=188"}],"wp:featuredmedia":[{"embeddable":true,"href":"http:\/\/opodispharma.com\/index.php\/wp-json\/wp\/v2\/media\/223"}],"wp:attachment":[{"href":"http:\/\/opodispharma.com\/index.php\/wp-json\/wp\/v2\/media?parent=188"}],"wp:term":[{"taxonomy":"product_brand","embeddable":true,"href":"http:\/\/opodispharma.com\/index.php\/wp-json\/wp\/v2\/product_brand?post=188"},{"taxonomy":"product_cat","embeddable":true,"href":"http:\/\/opodispharma.com\/index.php\/wp-json\/wp\/v2\/product_cat?post=188"},{"taxonomy":"product_tag","embeddable":true,"href":"http:\/\/opodispharma.com\/index.php\/wp-json\/wp\/v2\/product_tag?post=188"}],"curies":[{"name":"wp","href":"https:\/\/api.w.org\/{rel}","templated":true}]}}