{"id":189,"date":"2025-11-28T01:33:17","date_gmt":"2025-11-28T01:33:17","guid":{"rendered":"http:\/\/localhost\/opodis\/?post_type=product&#038;p=189"},"modified":"2026-02-06T23:31:22","modified_gmt":"2026-02-06T16:31:22","slug":"opolux","status":"publish","type":"product","link":"http:\/\/opodispharma.com\/index.php\/product\/opolux\/","title":{"rendered":"OPOLUX"},"content":{"rendered":"","protected":false},"excerpt":{"rendered":"<p>Opolux \u2013 Dung d\u1ecbch v\u1ec7 sinh nam \u0111\u1ebfn t\u1eeb Opodis Pharma, l\u00e0 s\u1ea3n ph\u1ea9m kh\u00e1ng khu\u1ea9n \u2013 kh\u1eed m\u00f9i \u2013 l\u00e0m s\u1ea1ch \u2013 b\u1ea3o v\u1ec7 c\u01a1 th\u1ec3 d\u00e0nh ri\u00eang cho nam gi\u1edbi hi\u1ec7n \u0111\u1ea1i. C\u00f4ng th\u1ee9c ch\u1ee9a Alpha-Terpineol chi\u1ebft xu\u1ea5t t\u1eeb tinh d\u1ea7u tr\u00e0m t\u1ef1 nhi\u00ean, k\u1ebft h\u1ee3p Cao tr\u1ea7u kh\u00f4ng, D\u1ea7u Oliu, Vitamin E, Vitamin B5 v\u00e0 Menthol, gi\u00fap l\u00e0m s\u1ea1ch, kh\u1eed m\u00f9i, d\u01b0\u1ee1ng da v\u00e0 ng\u0103n vi\u00eam nhi\u1ec5m.<\/p>\n<p>Quy c\u00e1ch \u0111\u00f3ng g\u00f3i: H\u1ed9p 01 chai<br \/>\nS\u1ed1 CBMP: 04\/20\/CBMP-TN<\/p>\n","protected":false},"featured_media":221,"comment_status":"open","ping_status":"closed","template":"","meta":{"_acf_changed":false},"product_brand":[],"product_cat":[16,20],"product_tag":[],"class_list":{"0":"post-189","1":"product","2":"type-product","3":"status-publish","4":"has-post-thumbnail","6":"product_cat-san-pham","7":"product_cat-cham-soc-nam-gioi","9":"first","10":"instock","11":"shipping-taxable","12":"product-type-simple"},"acf":[],"_links":{"self":[{"href":"http:\/\/opodispharma.com\/index.php\/wp-json\/wp\/v2\/product\/189","targetHints":{"allow":["GET"]}}],"collection":[{"href":"http:\/\/opodispharma.com\/index.php\/wp-json\/wp\/v2\/product"}],"about":[{"href":"http:\/\/opodispharma.com\/index.php\/wp-json\/wp\/v2\/types\/product"}],"replies":[{"embeddable":true,"href":"http:\/\/opodispharma.com\/index.php\/wp-json\/wp\/v2\/comments?post=189"}],"wp:featuredmedia":[{"embeddable":true,"href":"http:\/\/opodispharma.com\/index.php\/wp-json\/wp\/v2\/media\/221"}],"wp:attachment":[{"href":"http:\/\/opodispharma.com\/index.php\/wp-json\/wp\/v2\/media?parent=189"}],"wp:term":[{"taxonomy":"product_brand","embeddable":true,"href":"http:\/\/opodispharma.com\/index.php\/wp-json\/wp\/v2\/product_brand?post=189"},{"taxonomy":"product_cat","embeddable":true,"href":"http:\/\/opodispharma.com\/index.php\/wp-json\/wp\/v2\/product_cat?post=189"},{"taxonomy":"product_tag","embeddable":true,"href":"http:\/\/opodispharma.com\/index.php\/wp-json\/wp\/v2\/product_tag?post=189"}],"curies":[{"name":"wp","href":"https:\/\/api.w.org\/{rel}","templated":true}]}}