{"id":195,"date":"2025-11-28T01:34:28","date_gmt":"2025-11-28T01:34:28","guid":{"rendered":"http:\/\/localhost\/opodis\/?post_type=product&#038;p=195"},"modified":"2026-02-06T23:23:16","modified_gmt":"2026-02-06T16:23:16","slug":"clincare-2","status":"publish","type":"product","link":"http:\/\/opodispharma.com\/index.php\/product\/clincare-2\/","title":{"rendered":"CLINCARE 2"},"content":{"rendered":"","protected":false},"excerpt":{"rendered":"<p>Clincare 2 l\u00e0 dung d\u1ecbch r\u1eeda tay s\u00e1t khu\u1ea9n v\u00e0 t\u1eafm kh\u1eed khu\u1ea9n d\u00e0nh cho b\u1ec7nh nh\u00e2n tr\u01b0\u1edbc khi ph\u1eabu thu\u1eadt, \u0111\u1ea1t chu\u1ea9n y t\u1ebf. C\u00f4ng th\u1ee9c ch\u1ee9a ho\u1ea1t ch\u1ea5t Chlorhexidine Gluconate 2%, gi\u00fap di\u1ec7t khu\u1ea9n m\u1ea1nh m\u1ebd nh\u01b0ng v\u1eabn d\u1ecbu nh\u1eb9 v\u1edbi da.<\/p>\n<p>S\u0110K: VNCP-HC-936-06-16<\/p>\n<p>\u0110\u1eb7c tr\u01b0ng k\u1ef9 thu\u1eadt:<br \/>\nM\u00e0u s\u1eafc: M\u00e0u xanh<br \/>\npH: 5-7<br \/>\nDi\u1ec7t khu\u1ea9n ph\u1ed5 r\u1ed9ng<br \/>\nVItamin E gi\u1eef \u1ea9m, d\u01b0\u1ee1ng da<\/p>\n<p>\u0110\u00f3ng g\u00f3i:<br \/>\nTh\u00f9ng 50 chai, chai 100ml<br \/>\nTh\u00f9ng 12 chai, chai 500ml<br \/>\nTh\u00f9ng 4 can, can 5 L\u00edt<\/p>\n","protected":false},"featured_media":48,"comment_status":"open","ping_status":"closed","template":"","meta":{"_acf_changed":false},"product_brand":[],"product_cat":[16,22,21],"product_tag":[],"class_list":{"0":"post-195","1":"product","2":"type-product","3":"status-publish","4":"has-post-thumbnail","6":"product_cat-san-pham","7":"product_cat-khu-khuan-sat-khuan-tay","8":"product_cat-khu-khuan-sat-khuan","10":"first","11":"instock","12":"shipping-taxable","13":"product-type-simple"},"acf":[],"_links":{"self":[{"href":"http:\/\/opodispharma.com\/index.php\/wp-json\/wp\/v2\/product\/195","targetHints":{"allow":["GET"]}}],"collection":[{"href":"http:\/\/opodispharma.com\/index.php\/wp-json\/wp\/v2\/product"}],"about":[{"href":"http:\/\/opodispharma.com\/index.php\/wp-json\/wp\/v2\/types\/product"}],"replies":[{"embeddable":true,"href":"http:\/\/opodispharma.com\/index.php\/wp-json\/wp\/v2\/comments?post=195"}],"wp:featuredmedia":[{"embeddable":true,"href":"http:\/\/opodispharma.com\/index.php\/wp-json\/wp\/v2\/media\/48"}],"wp:attachment":[{"href":"http:\/\/opodispharma.com\/index.php\/wp-json\/wp\/v2\/media?parent=195"}],"wp:term":[{"taxonomy":"product_brand","embeddable":true,"href":"http:\/\/opodispharma.com\/index.php\/wp-json\/wp\/v2\/product_brand?post=195"},{"taxonomy":"product_cat","embeddable":true,"href":"http:\/\/opodispharma.com\/index.php\/wp-json\/wp\/v2\/product_cat?post=195"},{"taxonomy":"product_tag","embeddable":true,"href":"http:\/\/opodispharma.com\/index.php\/wp-json\/wp\/v2\/product_tag?post=195"}],"curies":[{"name":"wp","href":"https:\/\/api.w.org\/{rel}","templated":true}]}}