{"id":199,"date":"2025-11-28T01:35:03","date_gmt":"2025-11-28T01:35:03","guid":{"rendered":"http:\/\/localhost\/opodis\/?post_type=product&#038;p=199"},"modified":"2026-02-09T17:36:44","modified_gmt":"2026-02-09T10:36:44","slug":"clincare-sh-2","status":"publish","type":"product","link":"http:\/\/opodispharma.com\/index.php\/product\/clincare-sh-2\/","title":{"rendered":"CLINCARE SH"},"content":{"rendered":"","protected":false},"excerpt":{"rendered":"<p>Clincare S.H \u2013 Dung d\u1ecbch s\u00e1t khu\u1ea9n nhanh c\u1ee7a Opodis Pharma, gi\u00fap l\u00e0m s\u1ea1ch v\u00e0 di\u1ec7t khu\u1ea9n tay, \u0111\u1ed3ng th\u1eddi kh\u1eed khu\u1ea9n hi\u1ec7u qu\u1ea3 tr\u00ean c\u00e1c b\u1ec1 m\u1eb7t v\u1eadt d\u1ee5ng m\u00e0 kh\u00f4ng c\u1ea7n r\u1eeda l\u1ea1i v\u1edbi n\u01b0\u1edbc. S\u1ea3n ph\u1ea9m ph\u00f9 h\u1ee3p d\u00f9ng trong y t\u1ebf, gia \u0111\u00ecnh, tr\u01b0\u1eddng h\u1ecdc, v\u0103n ph\u00f2ng, khu c\u00f4ng nghi\u1ec7p.<\/p>\n<p>\u0110\u00f3ng g\u00f3i: Chai 500ml v\u00e0 chai 70ml<br \/>\nS\u1ed1 \u0110K: VNDP-HC-087-12-24<\/p>\n","protected":false},"featured_media":843,"comment_status":"open","ping_status":"closed","template":"","meta":{"_acf_changed":false},"product_brand":[],"product_cat":[16,23,22,21],"product_tag":[],"class_list":{"0":"post-199","1":"product","2":"type-product","3":"status-publish","4":"has-post-thumbnail","6":"product_cat-san-pham","7":"product_cat-khu-khuan-sat-khuan-be-mat","8":"product_cat-khu-khuan-sat-khuan-tay","9":"product_cat-khu-khuan-sat-khuan","11":"first","12":"instock","13":"shipping-taxable","14":"product-type-simple"},"acf":[],"_links":{"self":[{"href":"http:\/\/opodispharma.com\/index.php\/wp-json\/wp\/v2\/product\/199","targetHints":{"allow":["GET"]}}],"collection":[{"href":"http:\/\/opodispharma.com\/index.php\/wp-json\/wp\/v2\/product"}],"about":[{"href":"http:\/\/opodispharma.com\/index.php\/wp-json\/wp\/v2\/types\/product"}],"replies":[{"embeddable":true,"href":"http:\/\/opodispharma.com\/index.php\/wp-json\/wp\/v2\/comments?post=199"}],"wp:featuredmedia":[{"embeddable":true,"href":"http:\/\/opodispharma.com\/index.php\/wp-json\/wp\/v2\/media\/843"}],"wp:attachment":[{"href":"http:\/\/opodispharma.com\/index.php\/wp-json\/wp\/v2\/media?parent=199"}],"wp:term":[{"taxonomy":"product_brand","embeddable":true,"href":"http:\/\/opodispharma.com\/index.php\/wp-json\/wp\/v2\/product_brand?post=199"},{"taxonomy":"product_cat","embeddable":true,"href":"http:\/\/opodispharma.com\/index.php\/wp-json\/wp\/v2\/product_cat?post=199"},{"taxonomy":"product_tag","embeddable":true,"href":"http:\/\/opodispharma.com\/index.php\/wp-json\/wp\/v2\/product_tag?post=199"}],"curies":[{"name":"wp","href":"https:\/\/api.w.org\/{rel}","templated":true}]}}