{"id":765,"date":"2026-01-23T13:08:18","date_gmt":"2026-01-23T06:08:18","guid":{"rendered":"https:\/\/opodispharma.com\/?post_type=product&#038;p=765"},"modified":"2026-02-06T23:02:11","modified_gmt":"2026-02-06T16:02:11","slug":"phytobebe","status":"publish","type":"product","link":"https:\/\/opodispharma.com\/index.php\/product\/phytobebe\/","title":{"rendered":"PHYTOBEBE"},"content":{"rendered":"","protected":false},"excerpt":{"rendered":"<p><strong data-start=\"407\" data-end=\"420\">Phytobebe<\/strong> l\u00e0 dung d\u1ecbch t\u1eafm g\u1ed9i th\u1ea3o d\u01b0\u1ee3c gi\u00fap <strong data-start=\"457\" data-end=\"491\">l\u00e0m s\u1ea1ch da &amp; t\u00f3c b\u00e9 h\u1eb1ng ng\u00e0y<\/strong>, \u0111\u1ed3ng th\u1eddi h\u1ed7 tr\u1ee3 <strong data-start=\"510\" data-end=\"547\">ph\u00f2ng ng\u1eeba r\u00f4m s\u1ea3y, h\u0103m, m\u1ea9n ng\u1ee9a<\/strong> \u2013 ph\u00f9 h\u1ee3p cho <strong data-start=\"562\" data-end=\"588\">tr\u1ebb s\u01a1 sinh v\u00e0 tr\u1ebb nh\u1ecf<\/strong> c\u00f3 l\u00e0n da nh\u1ea1y c\u1ea3m.<\/p>\n<p>S\u1ea3n xu\u1ea5t t\u1ea1i nh\u00e0 m\u00e1y \u0111\u1ea1t chu\u1ea9n GMP \u2013 WHO.<br \/>\nS\u1ed1 CBMP: 03\/20\/CBMP-TN<\/p>\n","protected":false},"featured_media":745,"comment_status":"open","ping_status":"closed","template":"","meta":{"_acf_changed":false},"product_brand":[],"product_cat":[16,19],"product_tag":[],"class_list":{"0":"post-765","1":"product","2":"type-product","3":"status-publish","4":"has-post-thumbnail","6":"product_cat-san-pham","7":"product_cat-cham-soc-me-va-be","9":"first","10":"instock","11":"shipping-taxable","12":"product-type-simple"},"acf":[],"_links":{"self":[{"href":"https:\/\/opodispharma.com\/index.php\/wp-json\/wp\/v2\/product\/765","targetHints":{"allow":["GET"]}}],"collection":[{"href":"https:\/\/opodispharma.com\/index.php\/wp-json\/wp\/v2\/product"}],"about":[{"href":"https:\/\/opodispharma.com\/index.php\/wp-json\/wp\/v2\/types\/product"}],"replies":[{"embeddable":true,"href":"https:\/\/opodispharma.com\/index.php\/wp-json\/wp\/v2\/comments?post=765"}],"wp:featuredmedia":[{"embeddable":true,"href":"https:\/\/opodispharma.com\/index.php\/wp-json\/wp\/v2\/media\/745"}],"wp:attachment":[{"href":"https:\/\/opodispharma.com\/index.php\/wp-json\/wp\/v2\/media?parent=765"}],"wp:term":[{"taxonomy":"product_brand","embeddable":true,"href":"https:\/\/opodispharma.com\/index.php\/wp-json\/wp\/v2\/product_brand?post=765"},{"taxonomy":"product_cat","embeddable":true,"href":"https:\/\/opodispharma.com\/index.php\/wp-json\/wp\/v2\/product_cat?post=765"},{"taxonomy":"product_tag","embeddable":true,"href":"https:\/\/opodispharma.com\/index.php\/wp-json\/wp\/v2\/product_tag?post=765"}],"curies":[{"name":"wp","href":"https:\/\/api.w.org\/{rel}","templated":true}]}}